{"id":85,"date":"2020-08-23T02:42:23","date_gmt":"2020-08-23T00:42:23","guid":{"rendered":"http:\/\/bee.mine.nu\/?page_id=85"},"modified":"2022-04-03T20:12:29","modified_gmt":"2022-04-03T18:12:29","slug":"bikupor-pa-danarovagen","status":"publish","type":"page","link":"https:\/\/bee.mine.nu\/","title":{"rendered":"Bikupor p\u00e5 Danar\u00f6v\u00e4gen"},"content":{"rendered":"\n<p><\/p>\n\n\n\n<div class=\"wp-block-image\"><figure class=\"aligncenter is-resized\"><img loading=\"lazy\" decoding=\"async\" src=\"http:\/\/bee.mine.nu\/wp-content\/uploads\/2020\/08\/20200819_123910-1024x485.jpg\" alt=\"\" class=\"wp-image-137\" width=\"573\" height=\"271\" srcset=\"https:\/\/bee.mine.nu\/wp-content\/uploads\/2020\/08\/20200819_123910-1024x485.jpg 1024w, https:\/\/bee.mine.nu\/wp-content\/uploads\/2020\/08\/20200819_123910-600x284.jpg 600w, https:\/\/bee.mine.nu\/wp-content\/uploads\/2020\/08\/20200819_123910-300x142.jpg 300w, https:\/\/bee.mine.nu\/wp-content\/uploads\/2020\/08\/20200819_123910-768x363.jpg 768w\" sizes=\"(max-width: 573px) 100vw, 573px\" \/><\/figure><\/div>\n\n\n\n<p>2021 Augusti: V\u00e5r andra sommar som biodlare blev intensiv. F\u00f6rst ut\u00f6kade vi med ett samh\u00e4lle till tre kupor. Strax d\u00e4refter sv\u00e4rmade alla v\u00e5ra samh\u00e4llen och slutligen stod vi med sex bikupor att hantera. Det blev b\u00e5de l\u00e4rorikt och sp\u00e4nnande. N\u00e4r blomningen var \u00f6ver och bina f\u00e5tt sitt vinterfoder kan vi summera s\u00e4songen. 112 kg honung producerade v\u00e5ra sm\u00e5 husdjur! St\u00f6rre delen s\u00e5ldes i honungsboxen vi st\u00e4llde upp vid v\u00e5r brevl\u00e5da. Det k\u00e4nns verkligen roligt att kunna erbjuda n\u00e4rproducerad honung till grannarna som med olika v\u00e4xter p\u00e5 sina tomter bidragit till binas honungsproduktion. Fem samh\u00e4llen har f\u00e5tt vinterfoder och nu hoppas vi dom ska klara sig till v\u00e4rmen kommer i v\u00e5r och det \u00e4r dags f\u00f6r en ny s\u00e4song. <\/p>\n\n\n\n<p><\/p>\n\n\n\n<p class=\"has-text-align-left\">2020 Augusti: F\u00f6rsta s\u00e4songen med v\u00e5ra tv\u00e5 bikupor \u00e4r n\u00e4stan slut. Honungen \u00e4r slungad och kuporna har f\u00e5tt foderl\u00e5dor med sockerl\u00f6sning som bina ska \u00e4ta upp sig p\u00e5 inf\u00f6r vintern. Det blev 35 kg honung som f\u00f6rdelades p\u00e5 56 mindre och 55 n\u00e5got st\u00f6rre burkar. H\u00e4lften \u00e4r redan bokade av sl\u00e4kt och v\u00e4nner. De som \u00e4r kvar s\u00e4ljs via n\u00e5gon Facebookgrupp, enligt first come, first serve.<\/p>\n","protected":false},"excerpt":{"rendered":"<p>2021 Augusti: V\u00e5r andra sommar som biodlare blev intensiv. F\u00f6rst ut\u00f6kade vi med ett samh\u00e4lle till tre kupor. Strax d\u00e4refter sv\u00e4rmade alla v\u00e5ra samh\u00e4llen och slutligen stod vi med sex bikupor att hantera. Det blev b\u00e5de l\u00e4rorikt och sp\u00e4nnande. N\u00e4r blomningen var \u00f6ver och bina f\u00e5tt sitt vinterfoder kan vi summera s\u00e4songen. 112 kg honung [&hellip;]<\/p>\n","protected":false},"author":1,"featured_media":0,"parent":0,"menu_order":0,"comment_status":"closed","ping_status":"closed","template":"","meta":{"footnotes":""},"_links":{"self":[{"href":"https:\/\/bee.mine.nu\/index.php?rest_route=\/wp\/v2\/pages\/85"}],"collection":[{"href":"https:\/\/bee.mine.nu\/index.php?rest_route=\/wp\/v2\/pages"}],"about":[{"href":"https:\/\/bee.mine.nu\/index.php?rest_route=\/wp\/v2\/types\/page"}],"author":[{"embeddable":true,"href":"https:\/\/bee.mine.nu\/index.php?rest_route=\/wp\/v2\/users\/1"}],"replies":[{"embeddable":true,"href":"https:\/\/bee.mine.nu\/index.php?rest_route=%2Fwp%2Fv2%2Fcomments&post=85"}],"version-history":[{"count":5,"href":"https:\/\/bee.mine.nu\/index.php?rest_route=\/wp\/v2\/pages\/85\/revisions"}],"predecessor-version":[{"id":167,"href":"https:\/\/bee.mine.nu\/index.php?rest_route=\/wp\/v2\/pages\/85\/revisions\/167"}],"wp:attachment":[{"href":"https:\/\/bee.mine.nu\/index.php?rest_route=%2Fwp%2Fv2%2Fmedia&parent=85"}],"curies":[{"name":"wp","href":"https:\/\/api.w.org\/{rel}","templated":true}]}}